{"id":277,"date":"2025-06-18T08:57:35","date_gmt":"2025-06-18T08:57:35","guid":{"rendered":"https:\/\/tasadoresmadrid.com\/about\/"},"modified":"2025-06-18T14:05:38","modified_gmt":"2025-06-18T14:05:38","slug":"about","status":"publish","type":"page","link":"https:\/\/tasadoresmadrid.com\/en\/about\/","title":{"rendered":"About"},"content":{"rendered":"<div data-elementor-type=\"wp-page\" data-elementor-id=\"277\" class=\"elementor elementor-277\">\n\t\t\t\t<div class=\"elementor-element elementor-element-31b5949 e-flex e-con-boxed e-con e-parent\" data-id=\"31b5949\" data-element_type=\"container\" data-settings=\"{&quot;background_background&quot;:&quot;classic&quot;}\">\n\t\t\t\t\t<div class=\"e-con-inner\">\n\t\t\t\t<div class=\"elementor-element elementor-element-b485c78 elementor-widget elementor-widget-heading\" data-id=\"b485c78\" data-element_type=\"widget\" data-widget_type=\"heading.default\">\n\t\t\t\t<div class=\"elementor-widget-container\">\n\t\t\t\t\t<p class=\"elementor-heading-title elementor-size-default\">About<\/p>\t\t\t\t<\/div>\n\t\t\t\t<\/div>\n\t\t\t\t<div class=\"elementor-element elementor-element-a63bee4 elementor-widget elementor-widget-heading\" data-id=\"a63bee4\" data-element_type=\"widget\" data-widget_type=\"heading.default\">\n\t\t\t\t<div class=\"elementor-widget-container\">\n\t\t\t\t\t<h1 class=\"elementor-heading-title elementor-size-default\">Property appraisal experts in Madrid<\/h1>\t\t\t\t<\/div>\n\t\t\t\t<\/div>\n\t\t\t\t<div class=\"elementor-element elementor-element-5ca09a2 elementor-widget-divider--view-line elementor-widget elementor-widget-divider\" data-id=\"5ca09a2\" data-element_type=\"widget\" data-widget_type=\"divider.default\">\n\t\t\t\t<div class=\"elementor-widget-container\">\n\t\t\t\t\t\t\t<div class=\"elementor-divider\">\n\t\t\t<span class=\"elementor-divider-separator\">\n\t\t\t\t\t\t<\/span>\n\t\t<\/div>\n\t\t\t\t\t\t<\/div>\n\t\t\t\t<\/div>\n\t\t\t\t\t<\/div>\n\t\t\t\t<\/div>\n\t\t<div class=\"elementor-element elementor-element-f558fe7 e-flex e-con-boxed e-con e-parent\" data-id=\"f558fe7\" data-element_type=\"container\" data-settings=\"{&quot;background_background&quot;:&quot;classic&quot;}\">\n\t\t\t\t\t<div class=\"e-con-inner\">\n\t\t\t\t<div class=\"elementor-element elementor-element-03d43a7 elementor-widget elementor-widget-image\" data-id=\"03d43a7\" data-element_type=\"widget\" data-widget_type=\"image.default\">\n\t\t\t\t<div class=\"elementor-widget-container\">\n\t\t\t\t\t\t\t\t\t\t\t\t\t\t\t<img fetchpriority=\"high\" decoding=\"async\" width=\"1024\" height=\"684\" src=\"https:\/\/tasadoresmadrid.com\/wp-content\/uploads\/2025\/06\/pexels-photo-7937730-1-1024x684.jpeg\" class=\"attachment-large size-large wp-image-718\" alt=\"\" srcset=\"https:\/\/tasadoresmadrid.com\/wp-content\/uploads\/2025\/06\/pexels-photo-7937730-1-1024x684.jpeg 1024w, https:\/\/tasadoresmadrid.com\/wp-content\/uploads\/2025\/06\/pexels-photo-7937730-1-300x200.jpeg 300w, https:\/\/tasadoresmadrid.com\/wp-content\/uploads\/2025\/06\/pexels-photo-7937730-1-768x513.jpeg 768w, https:\/\/tasadoresmadrid.com\/wp-content\/uploads\/2025\/06\/pexels-photo-7937730-1-18x12.jpeg 18w, https:\/\/tasadoresmadrid.com\/wp-content\/uploads\/2025\/06\/pexels-photo-7937730-1.jpeg 1280w\" sizes=\"(max-width: 1024px) 100vw, 1024px\" \/>\t\t\t\t\t\t\t\t\t\t\t\t\t\t\t<\/div>\n\t\t\t\t<\/div>\n\t\t<div class=\"elementor-element elementor-element-e95ce97 e-con-full e-flex e-con e-child\" data-id=\"e95ce97\" data-element_type=\"container\">\n\t\t<div class=\"elementor-element elementor-element-6d813f4 e-con-full e-flex e-con e-child\" data-id=\"6d813f4\" data-element_type=\"container\">\n\t\t\t\t<div class=\"elementor-element elementor-element-5caac49 elementor-widget elementor-widget-heading\" data-id=\"5caac49\" data-element_type=\"widget\" data-widget_type=\"heading.default\">\n\t\t\t\t<div class=\"elementor-widget-container\">\n\t\t\t\t\t<h2 class=\"elementor-heading-title elementor-size-default\">Get to know us better<\/h2>\t\t\t\t<\/div>\n\t\t\t\t<\/div>\n\t\t\t\t<div class=\"elementor-element elementor-element-b65968c elementor-widget-divider--view-line elementor-widget elementor-widget-divider\" data-id=\"b65968c\" data-element_type=\"widget\" data-widget_type=\"divider.default\">\n\t\t\t\t<div class=\"elementor-widget-container\">\n\t\t\t\t\t\t\t<div class=\"elementor-divider\">\n\t\t\t<span class=\"elementor-divider-separator\">\n\t\t\t\t\t\t<\/span>\n\t\t<\/div>\n\t\t\t\t\t\t<\/div>\n\t\t\t\t<\/div>\n\t\t\t\t<\/div>\n\t\t<div class=\"elementor-element elementor-element-ffc468c e-con-full e-flex e-con e-child\" data-id=\"ffc468c\" data-element_type=\"container\">\n\t\t\t\t<div class=\"elementor-element elementor-element-3b77277 elementor-widget elementor-widget-icon-box\" data-id=\"3b77277\" data-element_type=\"widget\" data-widget_type=\"icon-box.default\">\n\t\t\t\t<div class=\"elementor-widget-container\">\n\t\t\t\t\t\t\t<div class=\"elementor-icon-box-wrapper\">\n\n\t\t\t\n\t\t\t\t\t\t<div class=\"elementor-icon-box-content\">\n\n\t\t\t\t\t\t\t\t\t<h3 class=\"elementor-icon-box-title\">\n\t\t\t\t\t\t<span  >\n\t\t\t\t\t\t\tYour partner in reliable real estate appraisals\t\t\t\t\t\t<\/span>\n\t\t\t\t\t<\/h3>\n\t\t\t\t\n\t\t\t\t\t\t\t\t\t<p class=\"elementor-icon-box-description\">\n\t\t\t\t\t\tSince our founding, we have helped numerous clients obtain accurate valuations for their properties, ensuring safe and profitable investments. Our detailed and tailored reports have established trust in the Madrid real estate market.\t\t\t\t\t<\/p>\n\t\t\t\t\n\t\t\t<\/div>\n\t\t\t\n\t\t<\/div>\n\t\t\t\t\t\t<\/div>\n\t\t\t\t<\/div>\n\t\t\t\t<div class=\"elementor-element elementor-element-f156121 elementor-widget elementor-widget-heading\" data-id=\"f156121\" data-element_type=\"widget\" data-widget_type=\"heading.default\">\n\t\t\t\t<div class=\"elementor-widget-container\">\n\t\t\t\t\t<p class=\"elementor-heading-title elementor-size-default\">At Appraisers Madrid, we focus on providing exceptional service that empowers our clients to make informed real estate decisions.<\/p>\t\t\t\t<\/div>\n\t\t\t\t<\/div>\n\t\t\t\t<\/div>\n\t\t\t\t<\/div>\n\t\t\t\t\t<\/div>\n\t\t\t\t<\/div>\n\t\t<div class=\"elementor-element elementor-element-fdbaf7a e-flex e-con-boxed e-con e-parent\" data-id=\"fdbaf7a\" data-element_type=\"container\" data-settings=\"{&quot;background_background&quot;:&quot;classic&quot;}\">\n\t\t\t\t\t<div class=\"e-con-inner\">\n\t\t\t\t<div class=\"elementor-element elementor-element-452c4cf elementor-widget elementor-widget-heading\" data-id=\"452c4cf\" data-element_type=\"widget\" data-widget_type=\"heading.default\">\n\t\t\t\t<div class=\"elementor-widget-container\">\n\t\t\t\t\t<h2 class=\"elementor-heading-title elementor-size-default\">Our mission and values<\/h2>\t\t\t\t<\/div>\n\t\t\t\t<\/div>\n\t\t\t\t<div class=\"elementor-element elementor-element-799db18 elementor-widget-divider--view-line elementor-widget elementor-widget-divider\" data-id=\"799db18\" data-element_type=\"widget\" data-widget_type=\"divider.default\">\n\t\t\t\t<div class=\"elementor-widget-container\">\n\t\t\t\t\t\t\t<div class=\"elementor-divider\">\n\t\t\t<span class=\"elementor-divider-separator\">\n\t\t\t\t\t\t<\/span>\n\t\t<\/div>\n\t\t\t\t\t\t<\/div>\n\t\t\t\t<\/div>\n\t\t<div class=\"elementor-element elementor-element-3076461 e-con-full e-flex e-con e-child\" data-id=\"3076461\" data-element_type=\"container\">\n\t\t\t\t<div class=\"elementor-element elementor-element-2aa81aa elementor-widget elementor-widget-icon-box\" data-id=\"2aa81aa\" data-element_type=\"widget\" data-widget_type=\"icon-box.default\">\n\t\t\t\t<div class=\"elementor-widget-container\">\n\t\t\t\t\t\t\t<div class=\"elementor-icon-box-wrapper\">\n\n\t\t\t\n\t\t\t\t\t\t<div class=\"elementor-icon-box-content\">\n\n\t\t\t\t\t\t\t\t\t<h3 class=\"elementor-icon-box-title\">\n\t\t\t\t\t\t<span  >\n\t\t\t\t\t\t\tOur Mission\t\t\t\t\t\t<\/span>\n\t\t\t\t\t<\/h3>\n\t\t\t\t\n\t\t\t\t\t\t\t\t\t<p class=\"elementor-icon-box-description\">\n\t\t\t\t\t\tOur mission is to provide accurate and reliable real estate valuations, supporting our clients in making informed real estate investment decisions and ensuring high quality service in every interaction.\t\t\t\t\t<\/p>\n\t\t\t\t\n\t\t\t<\/div>\n\t\t\t\n\t\t<\/div>\n\t\t\t\t\t\t<\/div>\n\t\t\t\t<\/div>\n\t\t\t\t<div class=\"elementor-element elementor-element-5f0c725 elementor-widget elementor-widget-icon-box\" data-id=\"5f0c725\" data-element_type=\"widget\" data-widget_type=\"icon-box.default\">\n\t\t\t\t<div class=\"elementor-widget-container\">\n\t\t\t\t\t\t\t<div class=\"elementor-icon-box-wrapper\">\n\n\t\t\t\n\t\t\t\t\t\t<div class=\"elementor-icon-box-content\">\n\n\t\t\t\t\t\t\t\t\t<h3 class=\"elementor-icon-box-title\">\n\t\t\t\t\t\t<span  >\n\t\t\t\t\t\t\tOur values\t\t\t\t\t\t<\/span>\n\t\t\t\t\t<\/h3>\n\t\t\t\t\n\t\t\t\t\t\t\t\t\t<p class=\"elementor-icon-box-description\">\n\t\t\t\t\t\tAt Appraisers Madrid, we value transparency, accuracy and commitment to our clients. We believe in the importance of building relationships based on trust and respect, ensuring that each valuation complies with the highest industry standards and regulations.\t\t\t\t\t<\/p>\n\t\t\t\t\n\t\t\t<\/div>\n\t\t\t\n\t\t<\/div>\n\t\t\t\t\t\t<\/div>\n\t\t\t\t<\/div>\n\t\t\t\t<\/div>\n\t\t\t\t\t<\/div>\n\t\t\t\t<\/div>\n\t\t<div class=\"elementor-element elementor-element-4ef38f1 e-flex e-con-boxed e-con e-parent\" data-id=\"4ef38f1\" data-element_type=\"container\" data-settings=\"{&quot;background_background&quot;:&quot;classic&quot;}\">\n\t\t\t\t\t<div class=\"e-con-inner\">\n\t\t<div class=\"elementor-element elementor-element-e18ad09 e-con-full e-flex e-con e-child\" data-id=\"e18ad09\" data-element_type=\"container\">\n\t\t\t\t<div class=\"elementor-element elementor-element-2bd04f9 elementor-widget elementor-widget-heading\" data-id=\"2bd04f9\" data-element_type=\"widget\" data-widget_type=\"heading.default\">\n\t\t\t\t<div class=\"elementor-widget-container\">\n\t\t\t\t\t<h2 class=\"elementor-heading-title elementor-size-default\">Our track record\n<\/h2>\t\t\t\t<\/div>\n\t\t\t\t<\/div>\n\t\t\t\t<div class=\"elementor-element elementor-element-64e3715 elementor-widget-divider--view-line elementor-widget elementor-widget-divider\" data-id=\"64e3715\" data-element_type=\"widget\" data-widget_type=\"divider.default\">\n\t\t\t\t<div class=\"elementor-widget-container\">\n\t\t\t\t\t\t\t<div class=\"elementor-divider\">\n\t\t\t<span class=\"elementor-divider-separator\">\n\t\t\t\t\t\t<\/span>\n\t\t<\/div>\n\t\t\t\t\t\t<\/div>\n\t\t\t\t<\/div>\n\t\t\t\t<div class=\"elementor-element elementor-element-75cfaf7 elementor-widget elementor-widget-icon-box\" data-id=\"75cfaf7\" data-element_type=\"widget\" data-widget_type=\"icon-box.default\">\n\t\t\t\t<div class=\"elementor-widget-container\">\n\t\t\t\t\t\t\t<div class=\"elementor-icon-box-wrapper\">\n\n\t\t\t\n\t\t\t\t\t\t<div class=\"elementor-icon-box-content\">\n\n\t\t\t\t\t\t\t\t\t<h3 class=\"elementor-icon-box-title\">\n\t\t\t\t\t\t<span  >\n\t\t\t\t\t\t\tHistory of Appraisers Madrid\t\t\t\t\t\t<\/span>\n\t\t\t\t\t<\/h3>\n\t\t\t\t\n\t\t\t\t\t\t\t\t\t<p class=\"elementor-icon-box-description\">\n\t\t\t\t\t\tFounded by a team of industry experts, Tasadores Madrid has grown significantly since its inception. With a focus on quality and customer service, we have consolidated our position as a leader in property appraisals in Madrid, ensuring the success and satisfaction of our clients over the years.\t\t\t\t\t<\/p>\n\t\t\t\t\n\t\t\t<\/div>\n\t\t\t\n\t\t<\/div>\n\t\t\t\t\t\t<\/div>\n\t\t\t\t<\/div>\n\t\t\t\t<\/div>\n\t\t<div class=\"elementor-element elementor-element-17eef55 e-con-full e-flex e-con e-child\" data-id=\"17eef55\" data-element_type=\"container\">\n\t\t\t\t<div class=\"elementor-element elementor-element-af5b61e elementor-widget elementor-widget-image\" data-id=\"af5b61e\" data-element_type=\"widget\" data-widget_type=\"image.default\">\n\t\t\t\t<div class=\"elementor-widget-container\">\n\t\t\t\t\t\t\t\t\t\t\t\t\t\t\t<img decoding=\"async\" width=\"683\" height=\"1024\" src=\"https:\/\/tasadoresmadrid.com\/wp-content\/uploads\/2025\/06\/pexels-photo-5816299-1-683x1024.jpeg\" class=\"attachment-large size-large wp-image-719\" alt=\"\" srcset=\"https:\/\/tasadoresmadrid.com\/wp-content\/uploads\/2025\/06\/pexels-photo-5816299-1-683x1024.jpeg 683w, https:\/\/tasadoresmadrid.com\/wp-content\/uploads\/2025\/06\/pexels-photo-5816299-1-200x300.jpeg 200w, https:\/\/tasadoresmadrid.com\/wp-content\/uploads\/2025\/06\/pexels-photo-5816299-1-8x12.jpeg 8w, https:\/\/tasadoresmadrid.com\/wp-content\/uploads\/2025\/06\/pexels-photo-5816299-1.jpeg 700w\" sizes=\"(max-width: 683px) 100vw, 683px\" \/>\t\t\t\t\t\t\t\t\t\t\t\t\t\t\t<\/div>\n\t\t\t\t<\/div>\n\t\t\t\t<div class=\"elementor-element elementor-element-0717bd7 elementor-widget elementor-widget-image\" data-id=\"0717bd7\" data-element_type=\"widget\" data-widget_type=\"image.default\">\n\t\t\t\t<div class=\"elementor-widget-container\">\n\t\t\t\t\t\t\t\t\t\t\t\t\t\t\t<img decoding=\"async\" width=\"683\" height=\"1024\" src=\"https:\/\/tasadoresmadrid.com\/wp-content\/uploads\/2025\/06\/pexels-photo-7599735-1-683x1024.jpeg\" class=\"attachment-large size-large wp-image-720\" alt=\"\" srcset=\"https:\/\/tasadoresmadrid.com\/wp-content\/uploads\/2025\/06\/pexels-photo-7599735-1-683x1024.jpeg 683w, https:\/\/tasadoresmadrid.com\/wp-content\/uploads\/2025\/06\/pexels-photo-7599735-1-200x300.jpeg 200w, https:\/\/tasadoresmadrid.com\/wp-content\/uploads\/2025\/06\/pexels-photo-7599735-1-8x12.jpeg 8w, https:\/\/tasadoresmadrid.com\/wp-content\/uploads\/2025\/06\/pexels-photo-7599735-1.jpeg 700w\" sizes=\"(max-width: 683px) 100vw, 683px\" \/>\t\t\t\t\t\t\t\t\t\t\t\t\t\t\t<\/div>\n\t\t\t\t<\/div>\n\t\t\t\t<\/div>\n\t\t\t\t\t<\/div>\n\t\t\t\t<\/div>\n\t\t<div class=\"elementor-element elementor-element-c2348ed e-flex e-con-boxed e-con e-parent\" data-id=\"c2348ed\" data-element_type=\"container\" data-settings=\"{&quot;background_background&quot;:&quot;classic&quot;}\">\n\t\t\t\t\t<div class=\"e-con-inner\">\n\t\t\t\t<div class=\"elementor-element elementor-element-98d2ebe elementor-widget-divider--view-line elementor-widget elementor-widget-divider\" data-id=\"98d2ebe\" data-element_type=\"widget\" data-widget_type=\"divider.default\">\n\t\t\t\t<div class=\"elementor-widget-container\">\n\t\t\t\t\t\t\t<div class=\"elementor-divider\">\n\t\t\t<span class=\"elementor-divider-separator\">\n\t\t\t\t\t\t<\/span>\n\t\t<\/div>\n\t\t\t\t\t\t<\/div>\n\t\t\t\t<\/div>\n\t\t\t\t<div class=\"elementor-element elementor-element-d4b9a31 elementor-widget elementor-widget-icon-box\" data-id=\"d4b9a31\" data-element_type=\"widget\" data-widget_type=\"icon-box.default\">\n\t\t\t\t<div class=\"elementor-widget-container\">\n\t\t\t\t\t\t\t<div class=\"elementor-icon-box-wrapper\">\n\n\t\t\t\n\t\t\t\t\t\t<div class=\"elementor-icon-box-content\">\n\n\t\t\t\t\t\t\t\t\t<h2 class=\"elementor-icon-box-title\">\n\t\t\t\t\t\t<span  >\n\t\t\t\t\t\t\tDecide with confidence, contact us today\t\t\t\t\t\t<\/span>\n\t\t\t\t\t<\/h2>\n\t\t\t\t\n\t\t\t\t\t\t\t\t\t<p class=\"elementor-icon-box-description\">\n\t\t\t\t\t\tLet us help you obtain a reliable appraisal report for your real estate decisions.\t\t\t\t\t<\/p>\n\t\t\t\t\n\t\t\t<\/div>\n\t\t\t\n\t\t<\/div>\n\t\t\t\t\t\t<\/div>\n\t\t\t\t<\/div>\n\t\t\t\t<div class=\"elementor-element elementor-element-9d4099a elementor-align-center elementor-widget elementor-widget-button\" data-id=\"9d4099a\" data-element_type=\"widget\" data-widget_type=\"button.default\">\n\t\t\t\t<div class=\"elementor-widget-container\">\n\t\t\t\t\t\t\t\t\t<div class=\"elementor-button-wrapper\">\n\t\t\t\t\t<a class=\"elementor-button elementor-button-link elementor-size-sm\" href=\"\/en\/contact\/\">\n\t\t\t\t\t\t<span class=\"elementor-button-content-wrapper\">\n\t\t\t\t\t\t\t\t\t<span class=\"elementor-button-text\">Request an appraisal<\/span>\n\t\t\t\t\t<\/span>\n\t\t\t\t\t<\/a>\n\t\t\t\t<\/div>\n\t\t\t\t\t\t\t\t<\/div>\n\t\t\t\t<\/div>\n\t\t\t\t\t<\/div>\n\t\t\t\t<\/div>\n\t\t<div class=\"elementor-element elementor-element-fecb1b6 e-flex e-con-boxed e-con e-parent\" data-id=\"fecb1b6\" data-element_type=\"container\">\n\t\t\t\t\t<div class=\"e-con-inner\">\n\t\t\t\t<div class=\"elementor-element elementor-element-3289b9d elementor-widget elementor-widget-image\" data-id=\"3289b9d\" data-element_type=\"widget\" data-widget_type=\"image.default\">\n\t\t\t\t<div class=\"elementor-widget-container\">\n\t\t\t\t\t\t\t\t\t\t\t\t\t\t\t<img loading=\"lazy\" decoding=\"async\" width=\"1024\" height=\"66\" src=\"https:\/\/tasadoresmadrid.com\/wp-content\/uploads\/2025\/06\/KIT-DIGITAL.png\" class=\"attachment-large size-large wp-image-753\" alt=\"\" srcset=\"https:\/\/tasadoresmadrid.com\/wp-content\/uploads\/2025\/06\/KIT-DIGITAL.png 1024w, https:\/\/tasadoresmadrid.com\/wp-content\/uploads\/2025\/06\/KIT-DIGITAL-300x19.png 300w, https:\/\/tasadoresmadrid.com\/wp-content\/uploads\/2025\/06\/KIT-DIGITAL-768x50.png 768w, https:\/\/tasadoresmadrid.com\/wp-content\/uploads\/2025\/06\/KIT-DIGITAL-18x1.png 18w\" sizes=\"(max-width: 1024px) 100vw, 1024px\" \/>\t\t\t\t\t\t\t\t\t\t\t\t\t\t\t<\/div>\n\t\t\t\t<\/div>\n\t\t\t\t\t<\/div>\n\t\t\t\t<\/div>\n\t\t\t\t<\/div>","protected":false},"excerpt":{"rendered":"<p>Acerca de Expertos en tasaci\u00f3n de propiedades en Madrid Con\u00f3cenos mejor Tu aliado en valoraciones inmobiliarias confiables Desde nuestra fundaci\u00f3n, [&hellip;]<\/p>","protected":false},"author":1,"featured_media":0,"parent":0,"menu_order":0,"comment_status":"closed","ping_status":"closed","template":"","meta":{"site-sidebar-layout":"no-sidebar","site-content-layout":"","ast-site-content-layout":"full-width-container","site-content-style":"default","site-sidebar-style":"default","ast-global-header-display":"","ast-banner-title-visibility":"","ast-main-header-display":"","ast-hfb-above-header-display":"","ast-hfb-below-header-display":"","ast-hfb-mobile-header-display":"","site-post-title":"disabled","ast-breadcrumbs-content":"","ast-featured-img":"disabled","footer-sml-layout":"","theme-transparent-header-meta":"","adv-header-id-meta":"","stick-header-meta":"","header-above-stick-meta":"","header-main-stick-meta":"","header-below-stick-meta":"","astra-migrate-meta-layouts":"default","ast-page-background-enabled":"default","ast-page-background-meta":{"desktop":{"background-color":"var(--ast-global-color-5)","background-image":"","background-repeat":"repeat","background-position":"center center","background-size":"auto","background-attachment":"scroll","background-type":"","background-media":"","overlay-type":"","overlay-color":"","overlay-opacity":"","overlay-gradient":""},"tablet":{"background-color":"","background-image":"","background-repeat":"repeat","background-position":"center center","background-size":"auto","background-attachment":"scroll","background-type":"","background-media":"","overlay-type":"","overlay-color":"","overlay-opacity":"","overlay-gradient":""},"mobile":{"background-color":"","background-image":"","background-repeat":"repeat","background-position":"center center","background-size":"auto","background-attachment":"scroll","background-type":"","background-media":"","overlay-type":"","overlay-color":"","overlay-opacity":"","overlay-gradient":""}},"ast-content-background-meta":{"desktop":{"background-color":"var(--ast-global-color-4)","background-image":"","background-repeat":"repeat","background-position":"center center","background-size":"auto","background-attachment":"scroll","background-type":"","background-media":"","overlay-type":"","overlay-color":"","overlay-opacity":"","overlay-gradient":""},"tablet":{"background-color":"var(--ast-global-color-4)","background-image":"","background-repeat":"repeat","background-position":"center center","background-size":"auto","background-attachment":"scroll","background-type":"","background-media":"","overlay-type":"","overlay-color":"","overlay-opacity":"","overlay-gradient":""},"mobile":{"background-color":"var(--ast-global-color-4)","background-image":"","background-repeat":"repeat","background-position":"center center","background-size":"auto","background-attachment":"scroll","background-type":"","background-media":"","overlay-type":"","overlay-color":"","overlay-opacity":"","overlay-gradient":""}},"footnotes":""},"class_list":["post-277","page","type-page","status-publish","hentry"],"yoast_head":"<!-- This site is optimized with the Yoast SEO plugin v25.3 - https:\/\/yoast.com\/wordpress\/plugins\/seo\/ -->\n<title>About - Tasadores Madrid<\/title>\n<meta name=\"robots\" content=\"index, follow, max-snippet:-1, max-image-preview:large, max-video-preview:-1\" \/>\n<link rel=\"canonical\" href=\"https:\/\/tasadoresmadrid.com\/en\/about\/\" \/>\n<meta property=\"og:locale\" content=\"en_US\" \/>\n<meta property=\"og:type\" content=\"article\" \/>\n<meta property=\"og:title\" content=\"About - Tasadores Madrid\" \/>\n<meta property=\"og:description\" content=\"Acerca de Expertos en tasaci\u00f3n de propiedades en Madrid Con\u00f3cenos mejor Tu aliado en valoraciones inmobiliarias confiables Desde nuestra fundaci\u00f3n, [&hellip;]\" \/>\n<meta property=\"og:url\" content=\"https:\/\/tasadoresmadrid.com\/en\/about\/\" \/>\n<meta property=\"og:site_name\" content=\"Tasadores Madrid\" \/>\n<meta property=\"article:modified_time\" content=\"2025-06-18T14:05:38+00:00\" \/>\n<meta property=\"og:image\" content=\"https:\/\/tasadoresmadrid.com\/wp-content\/uploads\/2025\/06\/pexels-photo-7937730-1.jpeg\" \/>\n\t<meta property=\"og:image:width\" content=\"1280\" \/>\n\t<meta property=\"og:image:height\" content=\"855\" \/>\n\t<meta property=\"og:image:type\" content=\"image\/jpeg\" \/>\n<meta name=\"twitter:card\" content=\"summary_large_image\" \/>\n<meta name=\"twitter:label1\" content=\"Est. reading time\" \/>\n\t<meta name=\"twitter:data1\" content=\"1 minute\" \/>\n<script type=\"application\/ld+json\" class=\"yoast-schema-graph\">{\"@context\":\"https:\/\/schema.org\",\"@graph\":[{\"@type\":\"WebPage\",\"@id\":\"https:\/\/tasadoresmadrid.com\/about\/\",\"url\":\"https:\/\/tasadoresmadrid.com\/about\/\",\"name\":\"About - Tasadores Madrid\",\"isPartOf\":{\"@id\":\"https:\/\/tasadoresmadrid.com\/#website\"},\"primaryImageOfPage\":{\"@id\":\"https:\/\/tasadoresmadrid.com\/about\/#primaryimage\"},\"image\":{\"@id\":\"https:\/\/tasadoresmadrid.com\/about\/#primaryimage\"},\"thumbnailUrl\":\"https:\/\/tasadoresmadrid.com\/wp-content\/uploads\/2025\/06\/pexels-photo-7937730-1-1024x684.jpeg\",\"datePublished\":\"2025-06-18T08:57:35+00:00\",\"dateModified\":\"2025-06-18T14:05:38+00:00\",\"breadcrumb\":{\"@id\":\"https:\/\/tasadoresmadrid.com\/about\/#breadcrumb\"},\"inLanguage\":\"en-US\",\"potentialAction\":[{\"@type\":\"ReadAction\",\"target\":[\"https:\/\/tasadoresmadrid.com\/about\/\"]}]},{\"@type\":\"ImageObject\",\"inLanguage\":\"en-US\",\"@id\":\"https:\/\/tasadoresmadrid.com\/about\/#primaryimage\",\"url\":\"https:\/\/tasadoresmadrid.com\/wp-content\/uploads\/2025\/06\/pexels-photo-7937730-1-1024x684.jpeg\",\"contentUrl\":\"https:\/\/tasadoresmadrid.com\/wp-content\/uploads\/2025\/06\/pexels-photo-7937730-1-1024x684.jpeg\"},{\"@type\":\"BreadcrumbList\",\"@id\":\"https:\/\/tasadoresmadrid.com\/about\/#breadcrumb\",\"itemListElement\":[{\"@type\":\"ListItem\",\"position\":1,\"name\":\"Home\",\"item\":\"https:\/\/tasadoresmadrid.com\/\"},{\"@type\":\"ListItem\",\"position\":2,\"name\":\"About\"}]},{\"@type\":\"WebSite\",\"@id\":\"https:\/\/tasadoresmadrid.com\/#website\",\"url\":\"https:\/\/tasadoresmadrid.com\/\",\"name\":\"Tasadores Madrid\",\"description\":\"\",\"potentialAction\":[{\"@type\":\"SearchAction\",\"target\":{\"@type\":\"EntryPoint\",\"urlTemplate\":\"https:\/\/tasadoresmadrid.com\/?s={search_term_string}\"},\"query-input\":{\"@type\":\"PropertyValueSpecification\",\"valueRequired\":true,\"valueName\":\"search_term_string\"}}],\"inLanguage\":\"en-US\"}]}<\/script>\n<!-- \/ Yoast SEO plugin. -->","yoast_head_json":{"title":"About - Tasadores Madrid","robots":{"index":"index","follow":"follow","max-snippet":"max-snippet:-1","max-image-preview":"max-image-preview:large","max-video-preview":"max-video-preview:-1"},"canonical":"https:\/\/tasadoresmadrid.com\/en\/about\/","og_locale":"en_US","og_type":"article","og_title":"About - Tasadores Madrid","og_description":"Acerca de Expertos en tasaci\u00f3n de propiedades en Madrid Con\u00f3cenos mejor Tu aliado en valoraciones inmobiliarias confiables Desde nuestra fundaci\u00f3n, [&hellip;]","og_url":"https:\/\/tasadoresmadrid.com\/en\/about\/","og_site_name":"Tasadores Madrid","article_modified_time":"2025-06-18T14:05:38+00:00","og_image":[{"width":1280,"height":855,"url":"https:\/\/tasadoresmadrid.com\/wp-content\/uploads\/2025\/06\/pexels-photo-7937730-1.jpeg","type":"image\/jpeg"}],"twitter_card":"summary_large_image","twitter_misc":{"Est. reading time":"1 minute"},"schema":{"@context":"https:\/\/schema.org","@graph":[{"@type":"WebPage","@id":"https:\/\/tasadoresmadrid.com\/about\/","url":"https:\/\/tasadoresmadrid.com\/about\/","name":"About - Tasadores Madrid","isPartOf":{"@id":"https:\/\/tasadoresmadrid.com\/#website"},"primaryImageOfPage":{"@id":"https:\/\/tasadoresmadrid.com\/about\/#primaryimage"},"image":{"@id":"https:\/\/tasadoresmadrid.com\/about\/#primaryimage"},"thumbnailUrl":"https:\/\/tasadoresmadrid.com\/wp-content\/uploads\/2025\/06\/pexels-photo-7937730-1-1024x684.jpeg","datePublished":"2025-06-18T08:57:35+00:00","dateModified":"2025-06-18T14:05:38+00:00","breadcrumb":{"@id":"https:\/\/tasadoresmadrid.com\/about\/#breadcrumb"},"inLanguage":"en-US","potentialAction":[{"@type":"ReadAction","target":["https:\/\/tasadoresmadrid.com\/about\/"]}]},{"@type":"ImageObject","inLanguage":"en-US","@id":"https:\/\/tasadoresmadrid.com\/about\/#primaryimage","url":"https:\/\/tasadoresmadrid.com\/wp-content\/uploads\/2025\/06\/pexels-photo-7937730-1-1024x684.jpeg","contentUrl":"https:\/\/tasadoresmadrid.com\/wp-content\/uploads\/2025\/06\/pexels-photo-7937730-1-1024x684.jpeg"},{"@type":"BreadcrumbList","@id":"https:\/\/tasadoresmadrid.com\/about\/#breadcrumb","itemListElement":[{"@type":"ListItem","position":1,"name":"Home","item":"https:\/\/tasadoresmadrid.com\/"},{"@type":"ListItem","position":2,"name":"About"}]},{"@type":"WebSite","@id":"https:\/\/tasadoresmadrid.com\/#website","url":"https:\/\/tasadoresmadrid.com\/","name":"Appraisers Madrid","description":"","potentialAction":[{"@type":"SearchAction","target":{"@type":"EntryPoint","urlTemplate":"https:\/\/tasadoresmadrid.com\/?s={search_term_string}"},"query-input":{"@type":"PropertyValueSpecification","valueRequired":true,"valueName":"search_term_string"}}],"inLanguage":"en-US"}]}},"_links":{"self":[{"href":"https:\/\/tasadoresmadrid.com\/en\/wp-json\/wp\/v2\/pages\/277","targetHints":{"allow":["GET"]}}],"collection":[{"href":"https:\/\/tasadoresmadrid.com\/en\/wp-json\/wp\/v2\/pages"}],"about":[{"href":"https:\/\/tasadoresmadrid.com\/en\/wp-json\/wp\/v2\/types\/page"}],"author":[{"embeddable":true,"href":"https:\/\/tasadoresmadrid.com\/en\/wp-json\/wp\/v2\/users\/1"}],"replies":[{"embeddable":true,"href":"https:\/\/tasadoresmadrid.com\/en\/wp-json\/wp\/v2\/comments?post=277"}],"version-history":[{"count":4,"href":"https:\/\/tasadoresmadrid.com\/en\/wp-json\/wp\/v2\/pages\/277\/revisions"}],"predecessor-version":[{"id":773,"href":"https:\/\/tasadoresmadrid.com\/en\/wp-json\/wp\/v2\/pages\/277\/revisions\/773"}],"wp:attachment":[{"href":"https:\/\/tasadoresmadrid.com\/en\/wp-json\/wp\/v2\/media?parent=277"}],"curies":[{"name":"wp","href":"https:\/\/api.w.org\/{rel}","templated":true}]}}